{"id":2452,"date":"2017-01-03T11:01:40","date_gmt":"2017-01-03T11:01:40","guid":{"rendered":"http:\/\/diagnosi.ccipirineusmed.com\/homepage\/"},"modified":"2025-06-19T10:07:10","modified_gmt":"2025-06-19T09:07:10","slug":"homepage","status":"publish","type":"page","link":"https:\/\/diagnosi.ccipirineusmed.com\/fr\/","title":{"rendered":"Homepage"},"content":{"rendered":"<h3>AUTODIAGNOSIS GALOP<\/h3>\n<p>Le questionnaire d&rsquo;autodiagnostic du projet GALOP vise \u00e0 analyser la situation actuelle des entreprises afin de conna\u00eetre et d&rsquo;\u00e9valuer des aspects tels que le degr\u00e9 d&rsquo;innovation, la gestion des connaissances, l&rsquo;organisation et les relations \u00e9tablies avec l&rsquo;\u00e9cosyst\u00e8me, le fonctionnement et l&rsquo;activit\u00e9 de l&rsquo;entreprise, le processus de marketing et de vente, et le contr\u00f4le et la gestion financi\u00e8re.<\/p>\n<p>L&rsquo;objectif est de pouvoir \u00e9tablir une feuille de route d\u00e9finissant les d\u00e9fis d&rsquo;am\u00e9lioration qui constituent des changements dans les diff\u00e9rents domaines fonctionnels de l&rsquo;entreprise, et de proposer des actions et des outils concrets qui permettent \u00e0 l&rsquo;entreprise d&rsquo;am\u00e9liorer son statut afin de favoriser l&rsquo;adoption de la culture de l&rsquo;innovation et sa croissance.<\/p>\n<p>GALOP est un projet port\u00e9 par les Chambres de Commerce d\u2019Andorre, de G\u00e9rone, de L\u00e9rida, d\u2019Occitanie Pyr\u00e9n\u00e9es-M\u00e9diterran\u00e9e et des Pyr\u00e9n\u00e9es-Orientales, cofinanc\u00e9 par le Fonds Europ\u00e9en de D\u00e9veloppement R\u00e9gional (FEDER) \u00e0 travers le programme Interreg V A POCTEFA (2021-2027), qui soutient la transition des PME vers un mod\u00e8le \u00e9conomique durable conforme aux ODD.<\/p>\n","protected":false},"excerpt":{"rendered":"<p>AUTODIAGNOSIS GALOP Le questionnaire d&rsquo;autodiagnostic du projet GALOP vise \u00e0 analyser la situation actuelle des entreprises afin de conna\u00eetre et d&rsquo;\u00e9valuer des aspects tels que le degr\u00e9 d&rsquo;innovation, la gestion des connaissances, l&rsquo;organisation et les relations \u00e9tablies avec l&rsquo;\u00e9cosyst\u00e8me, le fonctionnement et l&rsquo;activit\u00e9 de l&rsquo;entreprise, le processus de marketing et de vente, et le contr\u00f4le [&hellip;]<\/p>\n","protected":false},"author":1,"featured_media":0,"parent":0,"menu_order":0,"comment_status":"closed","ping_status":"open","template":"","meta":{"_monsterinsights_skip_tracking":false,"_monsterinsights_sitenote_active":false,"_monsterinsights_sitenote_note":"","_monsterinsights_sitenote_category":0},"_links":{"self":[{"href":"https:\/\/diagnosi.ccipirineusmed.com\/fr\/wp-json\/wp\/v2\/pages\/2452"}],"collection":[{"href":"https:\/\/diagnosi.ccipirineusmed.com\/fr\/wp-json\/wp\/v2\/pages"}],"about":[{"href":"https:\/\/diagnosi.ccipirineusmed.com\/fr\/wp-json\/wp\/v2\/types\/page"}],"author":[{"embeddable":true,"href":"https:\/\/diagnosi.ccipirineusmed.com\/fr\/wp-json\/wp\/v2\/users\/1"}],"replies":[{"embeddable":true,"href":"https:\/\/diagnosi.ccipirineusmed.com\/fr\/wp-json\/wp\/v2\/comments?post=2452"}],"version-history":[{"count":6,"href":"https:\/\/diagnosi.ccipirineusmed.com\/fr\/wp-json\/wp\/v2\/pages\/2452\/revisions"}],"predecessor-version":[{"id":2637,"href":"https:\/\/diagnosi.ccipirineusmed.com\/fr\/wp-json\/wp\/v2\/pages\/2452\/revisions\/2637"}],"wp:attachment":[{"href":"https:\/\/diagnosi.ccipirineusmed.com\/fr\/wp-json\/wp\/v2\/media?parent=2452"}],"curies":[{"name":"wp","href":"https:\/\/api.w.org\/{rel}","templated":true}]}}